{"id":4966,"date":"2024-11-01T09:48:33","date_gmt":"2024-11-01T09:48:33","guid":{"rendered":"https:\/\/www.special-doctors.de\/?page_id=4966"},"modified":"2024-11-01T09:48:33","modified_gmt":"2024-11-01T09:48:33","slug":"anamnesebogen-2","status":"publish","type":"page","link":"https:\/\/www.special-doctors.de\/en\/anamnesebogen-2\/","title":{"rendered":"Anamnesebogen"},"content":{"rendered":"<p>[vc_row][vc_column][vc_column_text]Gerne k\u00f6nnen Sie den Anamnesebogen und unsere Datenschutzerkl\u00e4rung schon bequem vor Ihrem Termin ausf\u00fcllen. Auf diese Weise sparen Sie Zeit bei Ihrem Besuch in unseren Praxisr\u00e4umen.[\/vc_column_text]<div class=\"iw-button  button1  ibutton-normal square effect-none icon-left\"><a class=\"width-auto\" href=\"https:\/\/idana.app\/N88NTE\" style=\"\"><span class=\"button-text\">Anamnesebogen &amp; Datenschutzerkl\u00e4rung<\/span><\/a><\/div>[\/vc_column][\/vc_row]<\/p>\n","protected":false},"excerpt":{"rendered":"<p>[vc_row][vc_column][vc_column_text]Gerne k\u00f6nnen Sie den Anamnesebogen und unsere Datenschutzerkl\u00e4rung schon bequem vor Ihrem Termin ausf\u00fcllen. Auf diese Weise sparen Sie Zeit bei Ihrem Besuch in unseren Praxisr\u00e4umen.[\/vc_column_text][\/vc_column][\/vc_row]<\/p>\n","protected":false},"author":1,"featured_media":0,"parent":0,"menu_order":0,"comment_status":"closed","ping_status":"closed","template":"","meta":{"_acf_changed":false,"footnotes":""},"class_list":["post-4966","page","type-page","status-publish","hentry"],"translation":{"provider":"WPGlobus","version":"3.0.0","language":"en","enabled_languages":["de","en"],"languages":{"de":{"title":true,"content":true,"excerpt":false},"en":{"title":false,"content":false,"excerpt":false}}},"acf":[],"_links":{"self":[{"href":"https:\/\/www.special-doctors.de\/en\/wp-json\/wp\/v2\/pages\/4966","targetHints":{"allow":["GET"]}}],"collection":[{"href":"https:\/\/www.special-doctors.de\/en\/wp-json\/wp\/v2\/pages"}],"about":[{"href":"https:\/\/www.special-doctors.de\/en\/wp-json\/wp\/v2\/types\/page"}],"author":[{"embeddable":true,"href":"https:\/\/www.special-doctors.de\/en\/wp-json\/wp\/v2\/users\/1"}],"replies":[{"embeddable":true,"href":"https:\/\/www.special-doctors.de\/en\/wp-json\/wp\/v2\/comments?post=4966"}],"version-history":[{"count":3,"href":"https:\/\/www.special-doctors.de\/en\/wp-json\/wp\/v2\/pages\/4966\/revisions"}],"predecessor-version":[{"id":4969,"href":"https:\/\/www.special-doctors.de\/en\/wp-json\/wp\/v2\/pages\/4966\/revisions\/4969"}],"wp:attachment":[{"href":"https:\/\/www.special-doctors.de\/en\/wp-json\/wp\/v2\/media?parent=4966"}],"curies":[{"name":"wp","href":"https:\/\/api.w.org\/{rel}","templated":true}]}}