{"id":3996,"date":"2022-11-13T19:27:14","date_gmt":"2022-11-13T19:27:14","guid":{"rendered":"https:\/\/www.special-doctors.de\/?page_id=3996"},"modified":"2025-06-18T19:05:54","modified_gmt":"2025-06-18T19:05:54","slug":"online-termin","status":"publish","type":"page","link":"https:\/\/www.special-doctors.de\/en\/online-termin\/","title":{"rendered":"Online-Termin"},"content":{"rendered":"<p>[vc_row][vc_column]<div class=\"iw-shortcode-accordions\"><div id=\"iwa-92231\" class=\"iw-accordions  accordion1\"><div class=\"iw-accordions-item\"><div class=\"iw-accordion-item \"><div class=\"iw-accordion-header \"><div class=\"iw-accordion-title\" >move ahead \u2013 FOOT ANKLE AND SPORTSCLINIC: Dr. med. Holm Edelmann &amp; Dr. med. Tobias Gehlen<\/div><\/div><div class=\"iw-accordion-content\" style=\"display: none;\"><div class=\"iw-accordion-info\"><div class=\"iw-sub-title\">Dr. med. Holm Edelmann &amp; Dr. med. Tobias Gehlen<\/div><div class=\"iw-desc\"><p>Sehr geehrte Patienten,<br \/>\nbitte beachten Sie, dass die Sprechstunde bei moveAhead \u2013 Dr. med. H. Edelmann &amp; Dr. med. Tobias Gehlen eine Privatsprechstunde ist.<br \/>\nAls Kassenpatient sind Sie selbstverst\u00e4ndlich im Rahmen einer Igelleistung herzlich bei uns willkommen. Eine ausf\u00fchrlich Erstanamnese inkl. Befundbericht kostet als Kassenpatient ca. 80-90\u20ac.<br \/>\nSollte ein operativer Eingriff notwendig sein, so haben wir die M\u00f6glichkeit im Rahmen einer Einzelfallentscheidung eine Kosten\u00fcbernahme bei der Gesetzlichen Krankenkasse zu beantragen.<br \/>\nPatienten, welche bei der BKK VBU versichert sind, bekommen die Kosten einer Operation durch Dr. med. H. Edelmann in jedem Fall erstattet. &lt;br&gt;<br \/>\nWir freuen uns auf Ihren Besuch in unserer Praxis<\/p>\n<p><a href=\"https:\/\/webtermin.medatixx.de\/#\/278189e9-1bd3-4d5c-85e0-9ecf047ec986\/search\" target=\"_blank\" rel=\"noopener\"><b>Jetzt Termin buchen!<\/b><\/a><\/p>\n<\/div><\/div><div class=\"clearfix\"><\/div><\/div><\/div><div class=\"iw-accordion-item \"><div class=\"iw-accordion-header \"><div class=\"iw-accordion-title\" >Dr. med. Ulrike Harms<\/div><\/div><div class=\"iw-accordion-content\" style=\"display: none;\"><div class=\"iw-accordion-info\"><div class=\"iw-desc\"><p>Sehr geehrte Patienten,<br \/>\nbitte beachten Sie, dass die Sprechstunde von Dr. med. U. Harms eine reine Privatsprechstunde ist. Eine Konsultation als Kassenpatient ist hier leider nicht m\u00f6glich.<br \/>\nVielen Dank f\u00fcr Ihr Verst\u00e4ndnis<\/p>\n<p><a href=\"https:\/\/webtermin.medatixx.de\/#\/8802eff5-3284-473f-b1bc-5ef241f6d1ba\" target=\"_blank\" rel=\"noopener\"><b>Jetzt Termin buchen!<\/b><\/a><\/p>\n<\/div><\/div><div class=\"clearfix\"><\/div><\/div><\/div><div class=\"iw-accordion-item \"><div class=\"iw-accordion-header \"><div class=\"iw-accordion-title\" >Dr. med. Roland Scherer<\/div><\/div><div class=\"iw-accordion-content\" style=\"display: none;\"><div class=\"iw-accordion-info\"><div class=\"iw-desc\"><p>Sehr geehrte Patienten,<br \/>\ndie Terminvergabe f\u00fcr die Sprechstunde in unserer Praxis erfolgt ausschlie\u00dflich \u00fcber das Sekretariat von Dr. med. R. Scherer im Waldfriede Krankenhaus. Sie erreichen die Abteilung unter der Rufnummer 030 81810-151 oder -154.<br \/>\nVielen Dank.<br \/>\nIhr Praxisteam<\/p>\n<p>\n<\/div><\/div><div class=\"clearfix\"><\/div><\/div><\/div><div class=\"iw-accordion-item \"><div class=\"iw-accordion-header \"><div class=\"iw-accordion-title\" >Fabian Baumann<\/div><\/div><div class=\"iw-accordion-content\" style=\"display: none;\"><div class=\"iw-accordion-info\"><div class=\"iw-desc\"><p>Sehr geehrte Patienten,<br \/>\nbitte beachten Sie, dass die Sprechstunde von Fabian Baumann eine reine Privatsprechstunde ist. Eine Konsultation als Kassenpatient ist hier leider nicht m\u00f6glich.<br \/>\nVielen Dank f\u00fcr Ihr Verst\u00e4ndnis<\/p>\n<p><a href=\"https:\/\/webtermin.medatixx.de\/#\/be786eaf-df7c-4aee-a61a-07d05c18cbb2\/search\" target=\"_blank\" rel=\"noopener\"><b>Jetzt Termin buchen!<\/b><\/a><\/p>\n<\/div><\/div><div class=\"clearfix\"><\/div><\/div><\/div><div class=\"iw-accordion-item \"><div class=\"iw-accordion-header \"><div class=\"iw-accordion-title\" >Dr. med. Joh.-Stephan von Ruediger<\/div><\/div><div class=\"iw-accordion-content\" style=\"display: none;\"><div class=\"iw-accordion-info\"><div class=\"iw-desc\"><p>Sehr geehrte Patienten,<br \/>\nbitte beachten Sie, dass die Sprechstunde von Dr. med. Joh.-Stephan von Ruediger eine reine Privatsprechstunde ist. Eine Konsultation als Kassenpatient ist hier leider nicht m\u00f6glich.<br \/>\nVielen Dank f\u00fcr Ihr Verst\u00e4ndnis<\/p>\n<p><a href=\"https:\/\/webtermin.medatixx.de\/#\/9eef2962-4973-4422-af90-244d3945ea3c\/search\" target=\"_blank\" rel=\"noopener\"><b>Jetzt Termin buchen!<\/b><\/a><\/p>\n<\/div><\/div><div class=\"clearfix\"><\/div><\/div><\/div><\/div><script type=\"text\/javascript\">(function($){$(document).ready(function(){$(\"#iwa-92231\").iwTabs(\"accordion\");});})(jQuery);<\/script><\/div><\/div>[\/vc_column][\/vc_row][vc_row][vc_column][vc_column_text]Gerne k\u00f6nnen Sie den Anamnesebogen und unsere Datenschutzerkl\u00e4rung schon bequem vor Ihrem Termin ausf\u00fcllen. Auf diese Weise sparen Sie Zeit bei Ihrem Besuch in unseren Praxisr\u00e4umen.[\/vc_column_text]<div class=\"iw-button  button1  ibutton-normal square effect-none icon-left\"><a class=\"width-auto\" href=\"https:\/\/idana.app\/N88NTE\" style=\"\"><span class=\"button-text\">Anamnese &amp; Datenschutzerkl\u00e4rung<\/span><\/a><\/div>[\/vc_column][\/vc_row]<\/p>\n","protected":false},"excerpt":{"rendered":"<p>[vc_row][vc_column][\/vc_column][\/vc_row][vc_row][vc_column][vc_column_text]Gerne k\u00f6nnen Sie den Anamnesebogen und unsere Datenschutzerkl\u00e4rung schon bequem vor Ihrem Termin ausf\u00fcllen. Auf diese Weise sparen Sie Zeit bei Ihrem Besuch in unseren Praxisr\u00e4umen.[\/vc_column_text][\/vc_column][\/vc_row]<\/p>\n","protected":false},"author":1,"featured_media":0,"parent":0,"menu_order":0,"comment_status":"closed","ping_status":"closed","template":"","meta":{"_acf_changed":false,"footnotes":""},"class_list":["post-3996","page","type-page","status-publish","hentry"],"translation":{"provider":"WPGlobus","version":"3.0.0","language":"en","enabled_languages":["de","en"],"languages":{"de":{"title":true,"content":true,"excerpt":false},"en":{"title":false,"content":false,"excerpt":false}}},"acf":[],"_links":{"self":[{"href":"https:\/\/www.special-doctors.de\/en\/wp-json\/wp\/v2\/pages\/3996","targetHints":{"allow":["GET"]}}],"collection":[{"href":"https:\/\/www.special-doctors.de\/en\/wp-json\/wp\/v2\/pages"}],"about":[{"href":"https:\/\/www.special-doctors.de\/en\/wp-json\/wp\/v2\/types\/page"}],"author":[{"embeddable":true,"href":"https:\/\/www.special-doctors.de\/en\/wp-json\/wp\/v2\/users\/1"}],"replies":[{"embeddable":true,"href":"https:\/\/www.special-doctors.de\/en\/wp-json\/wp\/v2\/comments?post=3996"}],"version-history":[{"count":21,"href":"https:\/\/www.special-doctors.de\/en\/wp-json\/wp\/v2\/pages\/3996\/revisions"}],"predecessor-version":[{"id":4986,"href":"https:\/\/www.special-doctors.de\/en\/wp-json\/wp\/v2\/pages\/3996\/revisions\/4986"}],"wp:attachment":[{"href":"https:\/\/www.special-doctors.de\/en\/wp-json\/wp\/v2\/media?parent=3996"}],"curies":[{"name":"wp","href":"https:\/\/api.w.org\/{rel}","templated":true}]}}