{"id":3756,"date":"2022-09-16T09:18:17","date_gmt":"2022-09-16T09:18:17","guid":{"rendered":"http:\/\/www.special-doctors.de\/time-clock\/"},"modified":"2022-09-19T05:59:36","modified_gmt":"2022-09-19T05:59:36","slug":"zeiterfassung","status":"publish","type":"page","link":"https:\/\/www.special-doctors.de\/en\/zeiterfassung\/","title":{"rendered":"Zeiterfassung"},"content":{"rendered":"<div id=\"aio_time_clock\">\r\n        <div class=\"aio_form\">\r\n            <p>You must be logged in to use the time clock.<\/p>\r\n            <a href=\"https:\/\/www.special-doctors.de\/wp-login.php\"><button>Login<\/button><\/a>\r\n        <\/div>\r\n    <\/div>\n","protected":false},"excerpt":{"rendered":"[vc_row css_animation=\"fadeIn\" css=\".vc_custom_1505294186910{margin-top: 25px !important;margin-bottom: 25px !important;}\"][vc_column width=\"2\/3\"]Special DoctorsIhre FacharztspezialistenInnovatives PraxiskonzeptHochspezialisierte und renommierte Beleg\u00e4rzte der Bereiche Orthop\u00e4die, Sportmedizin, Chirurgie, HNO und Neurologie behandeln Sie in unseren exklusiven R\u00e4umlichkeiten in Berlin-MitteIndividuelle TherapiekonzepteHochmoderne Behandlungsmethoden mit moderner Diagnostik sowie eigens entwickelte, innovative Therapieans\u00e4tze erm\u00f6glichen ein optimales ErgebnisVielf\u00e4ltige KooperationenDurch unsere Kooperationen und unser weitreichendes Netzwerk k\u00f6nnen wir Ihnen stets&hellip; <a class=\"continue\" href=\"https:\/\/www.special-doctors.de\/en\/\">weiterlesen<span> Startseite<\/span><\/a>","protected":false},"author":1,"featured_media":0,"parent":0,"menu_order":0,"comment_status":"closed","ping_status":"closed","template":"","meta":{"_acf_changed":false,"footnotes":""},"class_list":["post-3756","page","type-page","status-publish","hentry"],"translation":{"provider":"WPGlobus","version":"3.0.2","language":"en","enabled_languages":["de","en"],"languages":{"de":{"title":true,"content":true,"excerpt":false},"en":{"title":false,"content":false,"excerpt":false}}},"acf":[],"_links":{"self":[{"href":"https:\/\/www.special-doctors.de\/en\/wp-json\/wp\/v2\/pages\/3756","targetHints":{"allow":["GET"]}}],"collection":[{"href":"https:\/\/www.special-doctors.de\/en\/wp-json\/wp\/v2\/pages"}],"about":[{"href":"https:\/\/www.special-doctors.de\/en\/wp-json\/wp\/v2\/types\/page"}],"author":[{"embeddable":true,"href":"https:\/\/www.special-doctors.de\/en\/wp-json\/wp\/v2\/users\/1"}],"replies":[{"embeddable":true,"href":"https:\/\/www.special-doctors.de\/en\/wp-json\/wp\/v2\/comments?post=3756"}],"version-history":[{"count":4,"href":"https:\/\/www.special-doctors.de\/en\/wp-json\/wp\/v2\/pages\/3756\/revisions"}],"predecessor-version":[{"id":3772,"href":"https:\/\/www.special-doctors.de\/en\/wp-json\/wp\/v2\/pages\/3756\/revisions\/3772"}],"wp:attachment":[{"href":"https:\/\/www.special-doctors.de\/en\/wp-json\/wp\/v2\/media?parent=3756"}],"curies":[{"name":"wp","href":"https:\/\/api.w.org\/{rel}","templated":true}]}}