{"id":3585,"date":"2020-04-20T19:27:10","date_gmt":"2020-04-20T19:27:10","guid":{"rendered":"http:\/\/www.special-doctors.de\/?page_id=3585"},"modified":"2020-06-09T18:38:03","modified_gmt":"2020-06-09T18:38:03","slug":"hallux-rigidus-operation","status":"publish","type":"page","link":"https:\/\/www.special-doctors.de\/en\/hallux-rigidus-operation\/","title":{"rendered":"Hallux rigidus"},"content":{"rendered":"<p>[vc_row][vc_column]<div class=\"iw-heading  style1  text-center border-left\" style=\"width: 100%\"><h1 class=\"iwh-title\" style=\"margin-bottom: \">Hallux rigidus\/limitus \u2013 Probleme mit dem Gro\u00dfzehengrundgelenk?<\/h1><\/div><div class=\"iw-heading  style1  text-center border-left\" style=\"width: 100%\"><h3 class=\"iwh-title\" style=\"margin-bottom: \">Dr. Holm Edelmann \u2013 Ihr Experte f\u00fcr eine differenzierte und individuelle Behandlung.<\/h3><\/div>[vc_separator][\/vc_column][\/vc_row][vc_row][vc_column width=&#8221;2\/3&#8243;]<div class=\"iw-heading  style1  border-left\" style=\"width: 100%\"><h3 class=\"iwh-title\" style=\"margin-bottom: \">Eine h\u00e4ufige Ursache f\u00fcr Schmerzen im Gro\u00dfzehengrundgelenk ist der sogenannter Hallux rigidus.<\/h3><\/div><div class=\"iw-heading  style1  border-left\" style=\"width: 100%\"><h3 class=\"iwh-title\" style=\"margin-bottom: \">Was steckt dahinter?<\/h3><\/div>[vc_column_text]Im Gelenk kommt es zu einer starken Reizung mit Entz\u00fcndungen und in der Folge zu Ver\u00e4nderungen des Gelenkknorpels, bis hin zur Zerst\u00f6rung des Knorpels. Es entwickelt sich eine sogenannte Arthrose. Der K\u00f6rper versucht diese Entwicklung abzufangen und bildet Osteophyten aus, denn der Druck ist indirekt proportional zur Fl\u00e4che. Diese kn\u00f6chernen Anbauten sind sichtbar und tastbar und f\u00fchren bei der weiteren Auspr\u00e4gung zu schmerzhaften Einschr\u00e4nkungen der Beweglichkeit. Am Beginn der Entwicklung spricht man hier von einer Limitierung der Beweglichkeit dem sogenannten Hallux limitus.[\/vc_column_text]<div class=\"iw-heading  style1  border-left\" style=\"width: 100%\"><h3 class=\"iwh-title\" style=\"margin-bottom: \">Was ist die Ursache f\u00fcr eine Arthrose im Gro\u00dfzehengrundgelenk?<\/h3><\/div>[vc_column_text]Es gibt eine Vielzahl von Ursachen und meist spielen auch gemeinsam verschiedene Ursachen eine Rolle. Ein schweres Anpralltrauma, oder Kapselverletzungen k\u00f6nnen zu einer Zerst\u00f6rung des Gelenkknorpels f\u00fchren. Ebenso wird jede Fehlstellung im Gelenk eine Arthrose bedingen. Stoffwechselerkrankungen, wie Gicht, wird langfristig das Gelenk angreifen. Biomechanisch kommt hier einer deutlichen \u00dcberl\u00e4nge des ersten Strahls, so nennt man den ersten Mittelfu\u00dfknochen, Bedeutung zu. Das f\u00fchrt zu einer st\u00e4rkeren Druckbelastung und einem ver\u00e4nderten Drehmoment im Gro\u00dfzehengrundgelenk. F\u00fcr eine erfolgreiche Therapie ist es sehr wichtig, die Ursache der Arthrose zu ermitteln.[\/vc_column_text][\/vc_column][vc_column width=&#8221;1\/3&#8243;][vc_single_image image=&#8221;3314&#8243; img_size=&#8221;full&#8221;][\/vc_column][\/vc_row][vc_row][vc_column]<div class=\"iw-heading  style1  border-left\" style=\"width: 100%\"><h3 class=\"iwh-title\" style=\"margin-bottom: \">Welche Therapie ist sinnvoll?<\/h3><\/div>[vc_column_text]Das h\u00e4ngt vor allem vom Stadium der Arthrose im Gro\u00dfzehengrundgelenk ab. Bei anf\u00e4nglichen Beschwerden kann eine Entlastung des Gelenkes, vor allem durch Ver\u00e4nderungen des Schuhwerks, weniger durch Einlagen, Erfolg bringen. Wichtig dabei ist die Sohle des Schuhs. Diese sollte sehr abrollfreudig und fest sein, so dass der Schuh die Funktion des Gro\u00dfzehengrundgelenkes \u00fcbernimmt. Weiterhin kann auch durch physiotherapeutische Ma\u00dfnahmen eine Verbesserung des Befundes erreicht werden. Zeitweise kommen auch entz\u00fcndungshemmende Medikamente in Frage. Bei einer ung\u00fcnstigen Konstellation sollte rechtzeitig auch \u00fcber eine operative Therapie diskutiert werden, um einen weiteren Gelenkverschlei\u00df zu verhindern. Bei einer st\u00e4rkeren Arthrose (Stadium III-IV) werden konservative Behandlungsma\u00dfnahmen nur kurzfristig die Beschwerden lindern, so dass hier eher \u00fcber eine operative Versorgung nachgedacht werden sollte. Hier kommen dann verschiedene Optionen in Frage. Diese gehen \u00fcber einen Gelenkersatz, bis hin zur Versteifung des Gelenkes. Bevor man hier eine Entscheidung trifft, empfiehlt es sich immer, eine zweite Meinung einzuholen.[\/vc_column_text]<div class=\"iw-heading  style1  border-left\" style=\"width: 100%\"><h3 class=\"iwh-title\" style=\"margin-bottom: \">Welche Operation ist die Beste?<\/h3><\/div>[vc_column_text]Diese Frage l\u00e4sst sich so einfach nicht beantworten, da hier viele Aspekte von Bedeutung sind. Diese m\u00fcssen im Einzelnen ber\u00fccksichtigt werden. Hier kommt wieder eine gro\u00dfe Bandbreite der Individualit\u00e4t zum Tragen. Die Erfahrung des Operateurs spielt dabei ebenso eine gro\u00dfe Rolle. Wichtig ist, dass dem Patienten die genauen Ursachen dargelegt werden.[\/vc_column_text][vc_column_text]In den letzten Jahren haben sich die sogenannten gelenkerhaltenden Operationen immer st\u00e4rker etabliert. Wobei eine Vielzahl von OP-Techniken aus dem 18 Jahrhundert stammen. Modern werden diese Verfahren mit den M\u00f6glichkeiten den Gelenkknorpel zu reparieren bzw. zu rekonstruieren. Dabei verwendet man verschieden Kollagenstrukturen.<\/p>\n<p>Vorsicht beim Gelenkersatz (Gelenkendoprothese)! Es gibt eine Vielzahl von Endoprothesen f\u00fcr das Gro\u00dfzehengrundgelenk. Die Ergebnisse in der Literatur sind von vielversprechend bis unzureichend. Es gibt eine klare Indikation zur Endoprothese. Diese sollte bei der klinischen Untersuchung gepr\u00fcft werden. Eine unkritische Implantation einer Endoprothese im GZGG sollte nicht durchgef\u00fchrt werden. Die sp\u00e4teren Folgen k\u00f6nnen sich hier dramatisch entwickeln und f\u00fchren zu einer hohen Unzufriedenheit der Patienten. Beim Einsatz der Prothesen muss eine m\u00f6glichst knochenschonende Implantation m\u00f6glich sein. Wichtig dabei ist immer die Weitsicht des Operateurs, was f\u00fcr Nachfolgen aus der ersten Operation entstehen k\u00f6nnten. Und denken Sie daran, sie haben zwar grunds\u00e4tzlich zwei F\u00fc\u00dfe, aber die Belastung beim Laufen liegt jeweils nur auf einem Fu\u00df.[\/vc_column_text][vc_column_text]<\/p>\n<p>Bevor Sie hier eine Entscheidung treffen, holen Sie sich immer eine zweite Meinung ein!<\/p>\n<p>Sie haben zwar grunds\u00e4tzlich zwei F\u00fc\u00dfe, aber die Belastung beim Laufen liegt jeweils nur auf einem Fu\u00df.<\/p>\n<p>[\/vc_column_text]<div class=\"iw-button  button1  ibutton-large square center-text effect-none icon-left\"><a class=\"width-auto\" href=\"http:\/\/www.special-doctors.de\/doctors\/dr-med-holm-edelmann\/\" style=\"color: #c71a06\"><span class=\"button-text\">zum Profil von Dr. Holm Edelmann<\/span><\/a><\/div>[\/vc_column][\/vc_row][vc_row][vc_column][vc_separator css=&#8221;.vc_custom_1586201238281{margin-top: 35px !important;}&#8221;]<div class=\"iw-heading  style1  text-center border-left\" style=\"width: 100%\"><h1 class=\"iwh-title\" style=\"margin-bottom: \">Jetzt einen Termin vereinbaren!<\/h1><\/div>[vc_separator css=&#8221;.vc_custom_1586201259294{margin-top: 35px !important;}&#8221;][vc_cta h2=&#8221;+49 30 2260 53000&#8243; txt_align=&#8221;center&#8221; add_icon=&#8221;left&#8221; i_icon_fontawesome=&#8221;fa fa-phone&#8221; i_color=&#8221;custom&#8221; i_custom_color=&#8221;#c71a06&#8243;][\/vc_cta][\/vc_column][\/vc_row][vc_row][vc_column width=&#8221;1\/4&#8243;]\n<div class=\"wpcf7 no-js\" id=\"wpcf7-f32-o1\" lang=\"de-DE\" dir=\"ltr\" data-wpcf7-id=\"32\">\n<div class=\"screen-reader-response\"><p role=\"status\" aria-live=\"polite\" aria-atomic=\"true\"><\/p> <ul><\/ul><\/div>\n<form action=\"\/en\/wp-json\/wp\/v2\/pages\/3585#wpcf7-f32-o1\" method=\"post\" class=\"wpcf7-form init\" aria-label=\"Kontaktformular\" novalidate=\"novalidate\" data-status=\"init\">\n<fieldset class=\"hidden-fields-container\"><input type=\"hidden\" name=\"_wpcf7\" value=\"32\" \/><input type=\"hidden\" name=\"_wpcf7_version\" value=\"6.1.2\" \/><input type=\"hidden\" name=\"_wpcf7_locale\" value=\"de_DE\" \/><input type=\"hidden\" name=\"_wpcf7_unit_tag\" value=\"wpcf7-f32-o1\" \/><input type=\"hidden\" name=\"_wpcf7_container_post\" value=\"0\" \/><input type=\"hidden\" name=\"_wpcf7_posted_data_hash\" value=\"\" \/><input type=\"hidden\" name=\"_cf7a__timestamp\" value=\"LOVbfU8uRqklVDPTumawkw==\" \/><input type=\"hidden\" name=\"_cf7a_version\" value=\"1.0\" \/><input type=\"hidden\" name=\"_cf7a_address\" value=\"xaSf1AxFb27gSX1ETWNtcw==\" \/><input type=\"hidden\" name=\"_cf7a_referer\" value=\"iVFH0pJu5Msfyhhn8zig0Q==\" \/><input type=\"hidden\" name=\"_cf7a_protocol\" value=\"gQLjJNbkGhmpuo0E7fiBgQ==\" \/><input type=\"hidden\" name=\"redirect_nonce\" value=\"2f176e47e8\" \/><input type=\"hidden\" name=\"wpcf7cfpdf_hidden_name\" value=\"document-pdf\" \/><input type=\"hidden\" name=\"wpcf7cfpdf_hidden_reference\" value=\"8a71dafa\" \/><input type=\"hidden\" name=\"wpcf7cfpdf_hidden_date\" value=\"04082026\" \/><input type=\"hidden\" name=\"_cf7a_bot_fingerprint\" value=\"LOVbfU8uRqklVDPTumawkw==\" \/><input type=\"hidden\" name=\"_cf7a_bot_fingerprint_extras\" \/><input type=\"hidden\" name=\"_cf7a_append_on_submit\" \/>\n<\/fieldset>\n<p><label> Ihr Name (Pflichtfeld)<br \/>\n<span class=\"wpcf7-form-control-wrap\" data-name=\"your-name\"><input size=\"40\" maxlength=\"400\" class=\"wpcf7-form-control wpcf7-text wpcf7-validates-as-required\" aria-required=\"true\" aria-invalid=\"false\" value=\"\" type=\"text\" name=\"your-name\" \/><input type=\"text\" name=\"name\" value=\"\" autocomplete=\"fill\" class=\"fit-the-fullspace\" aria-hidden=\"true\" tabindex=\"-1\" \/><\/span> <\/label>\n<\/p>\n<p><label> Ihre E-Mail-Adresse (Pflichtfeld)<br \/>\n<span class=\"wpcf7-form-control-wrap\" data-name=\"your-email\"><input size=\"40\" maxlength=\"400\" class=\"wpcf7-form-control wpcf7-email wpcf7-validates-as-required wpcf7-text wpcf7-validates-as-email\" aria-required=\"true\" aria-invalid=\"false\" value=\"\" type=\"email\" name=\"your-email\" \/><\/span> <\/label>\n<\/p>\n<p><label> Betreff<br \/>\n<span class=\"wpcf7-form-control-wrap\" data-name=\"your-subject\"><input type=\"text\" name=\"address\" value=\"\" autocomplete=\"fill\" class=\"fit-the-fullspace\" aria-hidden=\"true\" tabindex=\"-1\" \/><input size=\"40\" maxlength=\"400\" class=\"wpcf7-form-control wpcf7-text\" aria-invalid=\"false\" value=\"\" type=\"text\" name=\"your-subject\" \/><\/span> <\/label>\n<\/p>\n<p><label> Ihre Nachricht<br \/>\n<span class=\"wpcf7-form-control-wrap\" data-name=\"your-message\"><textarea cols=\"40\" rows=\"10\" maxlength=\"2000\" class=\"wpcf7-form-control wpcf7-textarea\" aria-invalid=\"false\" name=\"your-message\"><\/textarea><\/span> <\/label>\n<\/p>\n<p><span class=\"wpcf7-form-control-wrap wpgdprc\"><span class=\"wpcf7-form-control wpcf7-wpgdprc wpcf7-validates-as-required\"><span class=\"wpcf7-list-item\"><input type=\"checkbox\" name=\"wpgdprc\" value=\"1\" aria-required=\"true\" aria-invalid=\"false\" \/><span class=\"wpcf7-list-item-label\">Mit der Nutzung dieses Formulars erkl\u00e4ren Sie sich mit der Speicherung und Verarbeitung Ihrer Daten durch diese Website einverstanden.<\/span><\/span><\/span>    <\/span><br \/>\n<span id=\"wpcf7-69d626622ccc5-wrapper\" class=\"wpcf7-form-control-wrap webseite-15-wrap\" style=\"display:none !important; visibility:hidden !important;\"><label for=\"wpcf7-69d626622ccc5-field\" class=\"hp-message\">Bitte lasse dieses Feld leer.<\/label><input id=\"wpcf7-69d626622ccc5-field\"  placeholder=\"Check\"  class=\"wpcf7-form-control wpcf7-text\" type=\"text\" name=\"webseite-15\" value=\"\" size=\"40\" tabindex=\"-1\" autocomplete=\"new-password\" \/><input type=\"text\" name=\"town\" value=\"\" autocomplete=\"fill\" class=\"fit-the-fullspace\" aria-hidden=\"true\" tabindex=\"-1\" \/><\/span><br \/>\n<input class=\"wpcf7-form-control wpcf7-submit has-spinner\" type=\"submit\" value=\"Senden\" \/>\n<\/p><p style=\"display: none !important;\" class=\"akismet-fields-container\" data-prefix=\"_wpcf7_ak_\"><label>&#916;<textarea name=\"_wpcf7_ak_hp_textarea\" cols=\"45\" rows=\"8\" maxlength=\"100\"><\/textarea><\/label><input type=\"hidden\" id=\"ak_js_1\" name=\"_wpcf7_ak_js\" value=\"217\"\/><script>document.getElementById( \"ak_js_1\" ).setAttribute( \"value\", ( new Date() ).getTime() );<\/script><\/p><input type='hidden' class='wpcf7-pum' value='{\"closepopup\":false,\"closedelay\":0,\"openpopup\":false,\"openpopup_id\":0}' \/><div class=\"wpcf7-response-output\" aria-hidden=\"true\"><\/div>\n<\/form>\n<\/div>\n[\/vc_column][vc_column width=&#8221;3\/4&#8243;][vc_gallery interval=&#8221;3&#8243; images=&#8221;3574,3575,3576&#8243; img_size=&#8221;large&#8221; onclick=&#8221;&#8221;][\/vc_column][\/vc_row]<\/p>\n","protected":false},"excerpt":{"rendered":"<p>[vc_row][vc_column][vc_separator][\/vc_column][\/vc_row][vc_row][vc_column width=&#8221;2\/3&#8243;][vc_column_text]Im Gelenk kommt es zu einer starken Reizung mit Entz\u00fcndungen und in der Folge zu Ver\u00e4nderungen des Gelenkknorpels, bis hin zur Zerst\u00f6rung des Knorpels. Es entwickelt sich eine sogenannte Arthrose. Der K\u00f6rper versucht diese Entwicklung abzufangen und bildet Osteophyten aus, denn der Druck ist indirekt proportional zur Fl\u00e4che. Diese kn\u00f6chernen Anbauten sind sichtbar und&hellip; <a class=\"continue\" href=\"https:\/\/www.special-doctors.de\/en\/hallux-rigidus-operation\/\">weiterlesen<span> Hallux rigidus<\/span><\/a><\/p>\n","protected":false},"author":1,"featured_media":0,"parent":0,"menu_order":0,"comment_status":"closed","ping_status":"closed","template":"","meta":{"_acf_changed":false,"footnotes":""},"class_list":["post-3585","page","type-page","status-publish","hentry"],"translation":{"provider":"WPGlobus","version":"3.0.0","language":"en","enabled_languages":["de","en"],"languages":{"de":{"title":true,"content":true,"excerpt":false},"en":{"title":false,"content":false,"excerpt":false}}},"acf":[],"_links":{"self":[{"href":"https:\/\/www.special-doctors.de\/en\/wp-json\/wp\/v2\/pages\/3585","targetHints":{"allow":["GET"]}}],"collection":[{"href":"https:\/\/www.special-doctors.de\/en\/wp-json\/wp\/v2\/pages"}],"about":[{"href":"https:\/\/www.special-doctors.de\/en\/wp-json\/wp\/v2\/types\/page"}],"author":[{"embeddable":true,"href":"https:\/\/www.special-doctors.de\/en\/wp-json\/wp\/v2\/users\/1"}],"replies":[{"embeddable":true,"href":"https:\/\/www.special-doctors.de\/en\/wp-json\/wp\/v2\/comments?post=3585"}],"version-history":[{"count":4,"href":"https:\/\/www.special-doctors.de\/en\/wp-json\/wp\/v2\/pages\/3585\/revisions"}],"predecessor-version":[{"id":3607,"href":"https:\/\/www.special-doctors.de\/en\/wp-json\/wp\/v2\/pages\/3585\/revisions\/3607"}],"wp:attachment":[{"href":"https:\/\/www.special-doctors.de\/en\/wp-json\/wp\/v2\/media?parent=3585"}],"curies":[{"name":"wp","href":"https:\/\/api.w.org\/{rel}","templated":true}]}}