{"id":3569,"date":"2020-04-05T12:23:40","date_gmt":"2020-04-05T12:23:40","guid":{"rendered":"http:\/\/www.special-doctors.de\/?page_id=3569"},"modified":"2020-06-09T18:37:50","modified_gmt":"2020-06-09T18:37:50","slug":"hallux-valgus-operation","status":"publish","type":"page","link":"https:\/\/www.special-doctors.de\/en\/hallux-valgus-operation\/","title":{"rendered":"Hallux valgus"},"content":{"rendered":"<p>[vc_row][vc_column]<div class=\"iw-heading  style1  text-center border-left\" style=\"width: 100%\"><h1 class=\"iwh-title\" style=\"margin-bottom: \">Hallux valgus \u2013 Probleme mit ihrem Fu\u00df?<\/h1><\/div><div class=\"iw-heading  style1  text-center border-left\" style=\"width: 100%\"><h3 class=\"iwh-title\" style=\"margin-bottom: \">Dr. Holm Edelmann \u2013 Ihr Experte f\u00fcr eine differenzierte und individuelle Behandlung.<\/h3><\/div>[vc_separator][\/vc_column][\/vc_row][vc_row][vc_column width=&#8221;2\/3&#8243;]<div class=\"iw-heading  style1  border-left\" style=\"width: 100%\"><h3 class=\"iwh-title\" style=\"margin-bottom: \">Eine der h\u00e4ufigsten Fehlstellungen am Fu\u00df ist der sogenannte Hallux valgus.<\/h3><\/div>[vc_column_text]Das bedeutet eine Achsfehlstellung der Gro\u00dfzehe, die im weiteren Verlauf die Gro\u00dfzehe zur Fu\u00dfau\u00dfenseite verlagert. Dadurch entsteht der typische Ballen. Die Beschwerden sind nicht immer unmittelbar \u00fcber dem Ballen, sondern auch im Mittelfu\u00df, da es hier zu einer ung\u00fcnstigen Belastungsumverteilung kommt.<\/p>\n<p>Lange Zeit kann die Fehlstellung kompensiert werden, d.h. der K\u00f6rper des Patienten findet einen Kompromiss bis hin zur Anpassung von bequemen Schuhen. Und auch das stellt schon eine Form der Therapie dar. Der Druck \u00fcber dem Ballen wird reduziert und durch die M\u00f6glichkeit einer ad\u00e4quaten Einlagenversorgung kann die zunehmende \u00dcberlastung im Mittelfu\u00df reduziert werden.[\/vc_column_text]<div class=\"iw-heading  style1  border-left\" style=\"width: 100%\"><h3 class=\"iwh-title\" style=\"margin-bottom: \">Kann damit die Zunahme einer weiteren Fehlstellung verhindert werden?<\/h3><\/div>[vc_column_text]Grunds\u00e4tzlich muss die Frage mit nein beantwortet werden. Die Ursache des Hallux valgus ist eine genetische Disposition, d.h. die Veranlagung wird vererbt. Die Ursachen liegen hier einerseits im Bindegewebe (Sehnen, Muskeln, Gelenkkapseln, B\u00e4nder), aber auch im Bereich des Mittelfu\u00dfes, wo eine bestimmte Konstellation (Stellung) der Gelenkfl\u00e4chen, eine st\u00e4rkere Auspr\u00e4gung bedingen. Die Meinung, nur das Tragen von modisch engen Schuhen mit Abs\u00e4tzen sei die Ursache, ist nicht richtig. Schuhe sind ein Katalysator bei der Verst\u00e4rkung der erbbedingten Veranlagungen. Auch barfu\u00dflaufende V\u00f6lker haben einen Hallux valgus![\/vc_column_text][\/vc_column][vc_column width=&#8221;1\/3&#8243;][vc_single_image image=&#8221;3314&#8243; img_size=&#8221;full&#8221;][\/vc_column][\/vc_row][vc_row][vc_column]<div class=\"iw-heading  style1  border-left\" style=\"width: 100%\"><h3 class=\"iwh-title\" style=\"margin-bottom: \">Wann ist eine Therapie sinnvoll?<\/h3><\/div>[vc_column_text]Jede Fehlstellung in einem Gelenk wird \u00fcber fr\u00fcher oder sp\u00e4ter Beschwerden bereiten. Im Grunde genommen sind unserer Gelenke f\u00fcr eine gleichm\u00e4\u00dfig verteilte Belastung geschaffen. Eine Fehlstellung wird also Folgen hinterlassen. Das betrifft das Gro\u00dfzehengrundgelenk selbst mit Ausbildung einer Arthrose, d.h. der Gelenkknorpel wird zerst\u00f6rt, oder der zunehmende Druck im Bereich des Mittelfu\u00dfes greift die benachbarten Zehengrundgelenke, oder fortgeleitet auch die Gelenke im Mittelfu\u00df, an. Diese Prozesse lassen sich therapeutisch nur bedingt umkehren. Und das ist der Grund f\u00fcr eine sinnvolle und z\u00fcgige Behandlung.[\/vc_column_text]<div class=\"iw-heading  style1  border-left\" style=\"width: 100%\"><h3 class=\"iwh-title\" style=\"margin-bottom: \">Muss man nun sofort operieren?<\/h3><\/div>[vc_column_text]<strong>Nein.<\/strong> Es geht vielmehr um eine gr\u00fcndliche Untersuchung und die Feststellung der Ursachen der Fehlbildungen. Jeder Fu\u00df hat seine Individualit\u00e4t, aus diesem Grunde geh\u00f6ren ihre F\u00fc\u00dfe auch in die H\u00e4nde eines Spezialisten. Hier k\u00f6nnen die M\u00f6glichkeiten der Therapieoptionen mit ihnen zusammen kritisch abgewogen werden:<\/p>\n<ul>\n<li>Hilft noch eine intensive muskul\u00e4re Unterst\u00fctzung des Fu\u00dfes (z.Bsp. die sogenannte Spiraldynamik)?<\/li>\n<li>K\u00f6nnen Einlagen eine Linderung der Beschwerden bedingen und welche Form der Einlage ist sinnvoll und hilfreich?<\/li>\n<\/ul>\n<p>[\/vc_column_text]<div class=\"iw-heading  style1  border-left\" style=\"width: 100%\"><h3 class=\"iwh-title\" style=\"margin-bottom: \">Hilft jede Einlage? Welche Einlage ist sinnvoll?<\/h3><\/div>[vc_column_text]Es gibt eine Vielzahl von Einlagen in unterschiedlichster Form. Je kostenintensiver eine Einlage ist, desto kritischer sollten Sie sein. Holen Sie sich unbedingt eine zweite Meinung ein, bevor eine teure und meist nicht hilfreiche Einlage verordnet bekommen. Auch bei Einlagen sollte ihnen der Arzt genau erkl\u00e4ren, was damit therapeutisch erreicht werden soll.[\/vc_column_text]<div class=\"iw-heading  style1  border-left\" style=\"width: 100%\"><h3 class=\"iwh-title\" style=\"margin-bottom: \">Warum helfen die Hallux valgus-Schienen bzw. Orthesen nicht?<\/h3><\/div>[vc_column_text]Diese Hilfsmittel werden in den Medien intensiv beworben. <strong>Richtig hilfreich sind diese nicht.<\/strong> Und eine weitere Verschlechterung des Befundes k\u00f6nnen diese nicht aufhalten. Die oben genannten erbbedingten Veranlagungen lassen sich damit nicht \u00e4ndern.[\/vc_column_text]<div class=\"iw-heading  style1  border-left\" style=\"width: 100%\"><h3 class=\"iwh-title\" style=\"margin-bottom: \">Gibt es nur eine OP-Methode? <\/h3><\/div>[vc_column_text]Bei der Entscheidung zur operativen Korrektur, sollte eine umfangreiche Aufkl\u00e4rung des Patienten erfolgen. Das hei\u00dft, eine ausf\u00fchrliche Beratung und Begr\u00fcndung f\u00fcr die operative Notwendigkeit. Aus den Befunden der Untersuchungen (klinische Untersuchungen, bildgebende Untersuchungen wie R\u00f6ntgen, MRT, CT usw.) ergibt sich die OP-Methode. Jeder Fu\u00df hat seine Individualit\u00e4t. Das ist auch der Grund f\u00fcr eine Vielzahl von operativen Methoden. Nur mit einer OP-Methode kann man nicht alle Fehlstellungen erfolgreich behandeln.[\/vc_column_text][vc_column_text]<\/p>\n<p style=\"text-align: center;\"><strong>Bevor Sie hier eine Entscheidung treffen, holen Sie sich immer eine zweite Meinung ein!<\/strong><\/p>\n<p style=\"text-align: center;\"><strong>Sie haben zwar grunds\u00e4tzlich zwei F\u00fc\u00dfe, aber die Belastung beim Laufen liegt jeweils nur auf einem Fu\u00df.<\/strong><\/p>\n<p>[\/vc_column_text]<div class=\"iw-button  button1  ibutton-large square center-text effect-none icon-left\"><a class=\"width-auto\" href=\"http:\/\/www.special-doctors.de\/doctors\/dr-med-holm-edelmann\/\" style=\"color: #c71a06\"><span class=\"button-text\">zum Profil von Dr. Holm Edelmann<\/span><\/a><\/div>[\/vc_column][\/vc_row][vc_row][vc_column][vc_separator css=&#8221;.vc_custom_1586201238281{margin-top: 35px !important;}&#8221;]<div class=\"iw-heading  style1  text-center border-left\" style=\"width: 100%\"><h1 class=\"iwh-title\" style=\"margin-bottom: \">Jetzt einen Termin vereinbaren!<\/h1><\/div>[vc_separator css=&#8221;.vc_custom_1586201259294{margin-top: 35px !important;}&#8221;][vc_cta h2=&#8221;+49 30 2260 53000&#8243; txt_align=&#8221;center&#8221; add_icon=&#8221;left&#8221; i_icon_fontawesome=&#8221;fa fa-phone&#8221; i_color=&#8221;custom&#8221; i_custom_color=&#8221;#c71a06&#8243;][\/vc_cta][\/vc_column][\/vc_row][vc_row][vc_column width=&#8221;1\/4&#8243;]\n<div class=\"wpcf7 no-js\" id=\"wpcf7-f32-o1\" lang=\"de-DE\" dir=\"ltr\" data-wpcf7-id=\"32\">\n<div class=\"screen-reader-response\"><p role=\"status\" aria-live=\"polite\" aria-atomic=\"true\"><\/p> <ul><\/ul><\/div>\n<form action=\"\/en\/wp-json\/wp\/v2\/pages\/3569#wpcf7-f32-o1\" method=\"post\" class=\"wpcf7-form init\" aria-label=\"Kontaktformular\" novalidate=\"novalidate\" data-status=\"init\">\n<fieldset class=\"hidden-fields-container\"><input type=\"hidden\" name=\"_wpcf7\" value=\"32\" \/><input type=\"hidden\" name=\"_wpcf7_version\" value=\"6.1.5\" \/><input type=\"hidden\" name=\"_wpcf7_locale\" value=\"de_DE\" \/><input type=\"hidden\" name=\"_wpcf7_unit_tag\" value=\"wpcf7-f32-o1\" \/><input type=\"hidden\" name=\"_wpcf7_container_post\" value=\"0\" \/><input type=\"hidden\" name=\"_wpcf7_posted_data_hash\" value=\"\" \/><input type=\"hidden\" name=\"_cf7a__timestamp\" value=\"PVVnHdpLyEt5JAW1\/Ugl7Q==\" \/><input type=\"hidden\" name=\"_cf7a_version\" value=\"1.0\" \/><input type=\"hidden\" name=\"_cf7a_address\" value=\"\" \/><input type=\"hidden\" name=\"_cf7a_referer\" value=\"\" \/><input type=\"hidden\" name=\"_cf7a_protocol\" value=\"\" \/><input type=\"hidden\" name=\"redirect_nonce\" value=\"1a195d916f\" \/><input type=\"hidden\" name=\"wpcf7cfpdf_hidden_name\" value=\"document-pdf\" \/><input type=\"hidden\" name=\"wpcf7cfpdf_hidden_reference\" value=\"00650a41\" \/><input type=\"hidden\" name=\"wpcf7cfpdf_hidden_date\" value=\"04302026\" \/><input type=\"hidden\" name=\"_cf7a_bot_fingerprint\" value=\"PVVnHdpLyEt5JAW1\/Ugl7Q==\" \/><input type=\"hidden\" name=\"_cf7a_bot_fingerprint_extras\" \/><input type=\"hidden\" name=\"_cf7a_append_on_submit\" \/>\n<\/fieldset>\n<p><label> Ihr Name (Pflichtfeld)<br \/>\n<span class=\"wpcf7-form-control-wrap\" data-name=\"your-name\"><input type=\"text\" name=\"name\" value=\"\" autocomplete=\"fill\" class=\"fit-the-fullspace\" aria-hidden=\"true\" tabindex=\"-1\" \/><input size=\"40\" maxlength=\"400\" class=\"wpcf7-form-control wpcf7-text wpcf7-validates-as-required\" aria-required=\"true\" aria-invalid=\"false\" value=\"\" type=\"text\" name=\"your-name\" \/><\/span> <\/label>\n<\/p>\n<p><label> Ihre E-Mail-Adresse (Pflichtfeld)<br \/>\n<span class=\"wpcf7-form-control-wrap\" data-name=\"your-email\"><input size=\"40\" maxlength=\"400\" class=\"wpcf7-form-control wpcf7-email wpcf7-validates-as-required wpcf7-text wpcf7-validates-as-email\" aria-required=\"true\" aria-invalid=\"false\" value=\"\" type=\"email\" name=\"your-email\" \/><\/span> <\/label>\n<\/p>\n<p><label> Betreff<br \/>\n<span class=\"wpcf7-form-control-wrap\" data-name=\"your-subject\"><input type=\"text\" name=\"email\" value=\"\" autocomplete=\"fill\" class=\"fit-the-fullspace\" aria-hidden=\"true\" tabindex=\"-1\" \/><input size=\"40\" maxlength=\"400\" class=\"wpcf7-form-control wpcf7-text\" aria-invalid=\"false\" value=\"\" type=\"text\" name=\"your-subject\" \/><\/span> <\/label>\n<\/p>\n<p><label> Ihre Nachricht<br \/>\n<span class=\"wpcf7-form-control-wrap\" data-name=\"your-message\"><textarea cols=\"40\" rows=\"10\" maxlength=\"2000\" class=\"wpcf7-form-control wpcf7-textarea\" aria-invalid=\"false\" name=\"your-message\"><\/textarea><\/span> <\/label>\n<\/p>\n<p><span class=\"wpcf7-form-control-wrap wpgdprc\"><span class=\"wpcf7-form-control wpcf7-wpgdprc wpcf7-validates-as-required\"><span class=\"wpcf7-list-item\"><input type=\"checkbox\" name=\"wpgdprc\" value=\"1\" aria-required=\"true\" aria-invalid=\"false\" \/><span class=\"wpcf7-list-item-label\">Mit der Nutzung dieses Formulars erkl\u00e4ren Sie sich mit der Speicherung und Verarbeitung Ihrer Daten durch diese Website einverstanden.<\/span><\/span><\/span>    <\/span><br \/>\n<span id=\"wpcf7-69f32c2c810d5-wrapper\" class=\"wpcf7-form-control-wrap webseite-15-wrap\" style=\"display:none !important; visibility:hidden !important;\"><label for=\"wpcf7-69f32c2c810d5-field\" class=\"hp-message\">Bitte lasse dieses Feld leer.<\/label><input type=\"text\" name=\"address\" value=\"\" autocomplete=\"fill\" class=\"fit-the-fullspace\" aria-hidden=\"true\" tabindex=\"-1\" \/><input id=\"wpcf7-69f32c2c810d5-field\"  placeholder=\"Check\"  class=\"wpcf7-form-control wpcf7-text\" type=\"text\" name=\"webseite-15\" value=\"\" size=\"40\" tabindex=\"-1\" autocomplete=\"new-password\" \/><\/span><br \/>\n<input class=\"wpcf7-form-control wpcf7-submit has-spinner\" type=\"submit\" value=\"Senden\" \/>\n<\/p><p style=\"display: none !important;\" class=\"akismet-fields-container\" data-prefix=\"_wpcf7_ak_\"><label>&#916;<textarea name=\"_wpcf7_ak_hp_textarea\" cols=\"45\" rows=\"8\" maxlength=\"100\"><\/textarea><\/label><input type=\"hidden\" id=\"ak_js_1\" name=\"_wpcf7_ak_js\" value=\"90\"\/><script type=\"text\/javascript\">\n\/* <![CDATA[ *\/\ndocument.getElementById( \"ak_js_1\" ).setAttribute( \"value\", ( new Date() ).getTime() );\n\/* ]]> *\/\n<\/script>\n<\/p><input type='hidden' class='wpcf7-pum' value='{\"closepopup\":false,\"closedelay\":0,\"openpopup\":false,\"openpopup_id\":0}' \/><div class=\"wpcf7-response-output\" aria-hidden=\"true\"><\/div>\n<\/form>\n<\/div>\n[\/vc_column][vc_column width=&#8221;3\/4&#8243;][vc_gallery interval=&#8221;3&#8243; images=&#8221;3574,3575,3576&#8243; img_size=&#8221;large&#8221; onclick=&#8221;&#8221;][\/vc_column][\/vc_row]<\/p>\n","protected":false},"excerpt":{"rendered":"<p>[vc_row][vc_column][vc_separator][\/vc_column][\/vc_row][vc_row][vc_column width=&#8221;2\/3&#8243;][vc_column_text]Das bedeutet eine Achsfehlstellung der Gro\u00dfzehe, die im weiteren Verlauf die Gro\u00dfzehe zur Fu\u00dfau\u00dfenseite verlagert. Dadurch entsteht der typische Ballen. Die Beschwerden sind nicht immer unmittelbar \u00fcber dem Ballen, sondern auch im Mittelfu\u00df, da es hier zu einer ung\u00fcnstigen Belastungsumverteilung kommt. Lange Zeit kann die Fehlstellung kompensiert werden, d.h. der K\u00f6rper des Patienten findet&hellip; <a class=\"continue\" href=\"https:\/\/www.special-doctors.de\/en\/hallux-valgus-operation\/\">weiterlesen<span> Hallux valgus<\/span><\/a><\/p>\n","protected":false},"author":1,"featured_media":0,"parent":0,"menu_order":0,"comment_status":"closed","ping_status":"closed","template":"","meta":{"_acf_changed":false,"footnotes":""},"class_list":["post-3569","page","type-page","status-publish","hentry"],"translation":{"provider":"WPGlobus","version":"3.0.2","language":"en","enabled_languages":["de","en"],"languages":{"de":{"title":true,"content":true,"excerpt":false},"en":{"title":false,"content":false,"excerpt":false}}},"acf":[],"_links":{"self":[{"href":"https:\/\/www.special-doctors.de\/en\/wp-json\/wp\/v2\/pages\/3569","targetHints":{"allow":["GET"]}}],"collection":[{"href":"https:\/\/www.special-doctors.de\/en\/wp-json\/wp\/v2\/pages"}],"about":[{"href":"https:\/\/www.special-doctors.de\/en\/wp-json\/wp\/v2\/types\/page"}],"author":[{"embeddable":true,"href":"https:\/\/www.special-doctors.de\/en\/wp-json\/wp\/v2\/users\/1"}],"replies":[{"embeddable":true,"href":"https:\/\/www.special-doctors.de\/en\/wp-json\/wp\/v2\/comments?post=3569"}],"version-history":[{"count":6,"href":"https:\/\/www.special-doctors.de\/en\/wp-json\/wp\/v2\/pages\/3569\/revisions"}],"predecessor-version":[{"id":4590,"href":"https:\/\/www.special-doctors.de\/en\/wp-json\/wp\/v2\/pages\/3569\/revisions\/4590"}],"wp:attachment":[{"href":"https:\/\/www.special-doctors.de\/en\/wp-json\/wp\/v2\/media?parent=3569"}],"curies":[{"name":"wp","href":"https:\/\/api.w.org\/{rel}","templated":true}]}}