{"id":2829,"date":"2017-12-14T12:01:06","date_gmt":"2017-12-14T12:01:06","guid":{"rendered":"http:\/\/sd.special-doctors.de\/?page_id=2829"},"modified":"2020-03-03T10:23:13","modified_gmt":"2020-03-03T10:23:13","slug":"karriere","status":"publish","type":"page","link":"https:\/\/www.special-doctors.de\/en\/karriere\/","title":{"rendered":"Karriere"},"content":{"rendered":"<h4>Zur Unterst\u00fctzung unseres Teams suchen wir ab sofort eine\/n<\/h4>\n<h2 style=\"text-align: center;\">Medizinische\/n Fachangestellte\/n<\/h2>\n<p style=\"text-align: center;\"><em>Arbeitszeit von 30 bis 35 h \/ Woche je nach Vereinbarung<\/em><br \/>\n<em> (eine sp\u00e4tere Aufstockung auf 40 Stunden ist generell m\u00f6glich).<\/em><\/p>\n<h4>Praxisprofil:<\/h4>\n<p style=\"padding-left: 30px;\">Die Special Doctors sind eine Facharztpraxis mit dem Schwerpunkt der Orthop\u00e4die im Herzen von Berlin.<\/p>\n<p style=\"padding-left: 30px;\">Volle Wartezimmer und der Arzt hat viel zu wenig Zeit f\u00fcr seine Patienten&#8230;<br \/>\nso sieht heute leider der Alltag in vielen Arztpraxen aus.<\/p>\n<p style=\"padding-left: 30px;\">Wir haben uns von dieser Arbeitsweise bewusst verabschiedet. Ausf\u00fchrliche Beratungsgespr\u00e4che und eine gute Diagnostik so wie Therapien sind heutzutage wichtiger denn je. Bei uns steht der Patient absolut im Vordergrund.<\/p>\n<p style=\"padding-left: 30px;\">In einer Wohlf\u00fchlatmosph\u00e4re erfolgt die qualifizierte Versorgung der Patienten (sowohl konservativ als auch operativ im Krankenhaus) durch Fach\u00e4rzte aus ganz Berlin.<\/p>\n<hr \/>\n<h4>Stellenbeschreibung:<\/h4>\n<p style=\"padding-left: 30px;\">Die Arbeit im Team wird bei uns sehr gro\u00df geschrieben. Daher ist es uns wichtig, dass Sie sich bei uns wohl f\u00fchlen. Ein freundlicher Umgang, sowohl im Team als auch mit den \u00c4rzten, ist die Basis einer guten Zusammenarbeit und die Voraussetzung f\u00fcr zufriedene Mitarbeiter.<\/p>\n<p style=\"padding-left: 30px;\">Ein respektvoller Umgang und das harmonische Zusammenarbeiten im Team ist unsere St\u00e4rke.<\/p>\n<p style=\"padding-left: 30px;\">Durch die Vergr\u00f6\u00dferung unseres \u00c4rzteteams suchen wir eine freundliche und aufgeschlossene Unterst\u00fctzung f\u00fcr die Arbeit im Sprechzimmer und an der Rezeption. Wir m\u00f6chten unser Team durch Ihre Kenntnisse und F\u00e4higkeiten st\u00e4rken und erweitern.<\/p>\n<hr \/>\n<h4>Zu Ihren Aufgaben geh\u00f6ren:<\/h4>\n<ul>\n<li>Patientenempfang und Verwaltungsarbeiten<\/li>\n<li>Terminmanagement sowie administrative T\u00e4tigkeiten<\/li>\n<li>Assistenz in der Sprechstunde<\/li>\n<li>Durchf\u00fchrung von Blutabnahmen, Verbandswechsel, Wundversorgung, Anlegen von Infusionen,<\/li>\n<\/ul>\n<p style=\"padding-left: 30px;\">optional R\u00f6ntgen bei Vorhandensein eines R\u00f6ntgenscheines (keine Voraussetzung)<\/p>\n<hr \/>\n<h4>Voraussetzungen:<\/h4>\n<ul>\n<li>eine abgeschlossene Berufsausbildung als Medizinische(r) Fachangestellte(r)\/ Arzthelfer(in).<\/li>\n<li>Zuverl\u00e4ssigkeit<\/li>\n<li>Souver\u00e4nes freundliches Auftreten<\/li>\n<li>Sicherer Umgang mit Patienten<\/li>\n<li>Freude, sowohl an der medizinischen Assistenz, als auch an administrativen Aufgaben<\/li>\n<li>Interesse an pers\u00f6nlicher Weiterbildung<\/li>\n<\/ul>\n<hr \/>\n<p><strong>Wir freuen uns auf Ihre aussagekr\u00e4ftige Bewerbung, Ihrem Ausbildungsnachweis und einem Lebenslauf.<\/strong><\/p>\n<p>Bitte senden Sie Ihre Unterlagen an:<\/p>\n<p><span class=\"org companyname\"><b>Special Doctors GmbH<\/b><\/span><br \/>\n<span class=\"street-address\">Friedrichstrasse 58<\/span><br \/>\n<span class=\"postal-code\">10117<\/span> <span class=\"locality\">Berlin<\/span><br \/>\n<span class=\"country\">Deutschland<\/span><br \/>\nTel.: 030\/226053000<br \/>\n<span class=\"email\"> <a class=\"email\" href=\"mailto:praxis-berlin@special-doctors.com?subject=Kennziffer%204682952%20%2F%20Bewerbung%20auf%20Ihre%20Anzeige%20bei%20StepStone%3A%20Medizinische%20Fachangestellte%20%28MFA%29%20%2F%20Arzthelfer%2F%20%2Din\" rel=\"nofollow\">praxis-berlin@special-doctors.com<\/a> <\/span><\/p>\n","protected":false},"excerpt":{"rendered":"<p>Zur Unterst\u00fctzung unseres Teams suchen wir ab sofort eine\/n Medizinische\/n Fachangestellte\/n Arbeitszeit von 30 bis 35 h \/ Woche je nach Vereinbarung (eine sp\u00e4tere Aufstockung auf 40 Stunden ist generell m\u00f6glich). Praxisprofil: Die Special Doctors sind eine Facharztpraxis mit dem Schwerpunkt der Orthop\u00e4die im Herzen von Berlin. Volle Wartezimmer und der Arzt hat viel zu&hellip; <a class=\"continue\" href=\"https:\/\/www.special-doctors.de\/en\/karriere\/\">weiterlesen<span> Karriere<\/span><\/a><\/p>\n","protected":false},"author":1,"featured_media":0,"parent":0,"menu_order":0,"comment_status":"closed","ping_status":"closed","template":"","meta":{"_acf_changed":false,"footnotes":""},"class_list":["post-2829","page","type-page","status-publish","hentry"],"translation":{"provider":"WPGlobus","version":"3.0.0","language":"en","enabled_languages":["de","en"],"languages":{"de":{"title":true,"content":true,"excerpt":false},"en":{"title":false,"content":false,"excerpt":false}}},"acf":[],"_links":{"self":[{"href":"https:\/\/www.special-doctors.de\/en\/wp-json\/wp\/v2\/pages\/2829","targetHints":{"allow":["GET"]}}],"collection":[{"href":"https:\/\/www.special-doctors.de\/en\/wp-json\/wp\/v2\/pages"}],"about":[{"href":"https:\/\/www.special-doctors.de\/en\/wp-json\/wp\/v2\/types\/page"}],"author":[{"embeddable":true,"href":"https:\/\/www.special-doctors.de\/en\/wp-json\/wp\/v2\/users\/1"}],"replies":[{"embeddable":true,"href":"https:\/\/www.special-doctors.de\/en\/wp-json\/wp\/v2\/comments?post=2829"}],"version-history":[{"count":19,"href":"https:\/\/www.special-doctors.de\/en\/wp-json\/wp\/v2\/pages\/2829\/revisions"}],"predecessor-version":[{"id":3552,"href":"https:\/\/www.special-doctors.de\/en\/wp-json\/wp\/v2\/pages\/2829\/revisions\/3552"}],"wp:attachment":[{"href":"https:\/\/www.special-doctors.de\/en\/wp-json\/wp\/v2\/media?parent=2829"}],"curies":[{"name":"wp","href":"https:\/\/api.w.org\/{rel}","templated":true}]}}