{"id":2600,"date":"2017-10-19T10:07:56","date_gmt":"2017-10-19T10:07:56","guid":{"rendered":"http:\/\/sd.special-doctors.de\/?page_id=2600"},"modified":"2019-11-13T08:19:38","modified_gmt":"2019-11-13T08:19:38","slug":"videos","status":"publish","type":"page","link":"https:\/\/www.special-doctors.de\/en\/videos\/","title":{"rendered":"Videos"},"content":{"rendered":"<p>&lt;iframe src=&#8221;https:\/\/player.vimeo.com\/video\/357868154&#8243; width=&#8221;640&#8243; height=&#8221;360&#8243; frameborder=&#8221;0&#8243; allow=&#8221;autoplay; fullscreen&#8221; allowfullscreen&gt;&lt;\/iframe&gt;<\/p>\n<p>[vc_row][vc_column][\/vc_column][\/vc_row][vc_row][vc_column][vc_video link=&#8221;https:\/\/www.youtube.com\/watch?v=vCv83S7Z_yQ&#8221; title=&#8221;Stiven Gade (Berlin BASE) f\u00fcr Dr. Holm Edelmann und die Special Doctors&#8221;]<\/p>\n<p>Stiven Gade von <a href=\"https:\/\/www.berlin-base.de\/\" target=\"_blank\" rel=\"noopener noreferrer\">Berlin BASE <\/a>springt in diesem Video f\u00fcr die Special Doctors, <a href=\"http:\/\/sd.special-doctors.de\/doctor\/dr-med-holm-edelmann\/\">Holm Edelmann <\/a>und die <a href=\"http:\/\/www.foot-sportsclinic.de\">Foot- &amp; Sportsclinic<\/a> von einer der f\u00fcnf F\u00f6rderbr\u00fccken im Lausitzer Braunkohletagebau.<\/p>\n<p>[vc_video link=&#8221;https:\/\/www.youtube.com\/watch?v=Qf5TdGZi1Do&#8221; title=&#8221;Foot- &amp; Sportsclinic Berlin &#8211; Moving Feet&#8221;][\/vc_column][\/vc_row]<\/p>\n","protected":false},"excerpt":{"rendered":"<p>&lt;iframe src=&#8221;https:\/\/player.vimeo.com\/video\/357868154&#8243; width=&#8221;640&#8243; height=&#8221;360&#8243; frameborder=&#8221;0&#8243; allow=&#8221;autoplay; fullscreen&#8221; allowfullscreen&gt;&lt;\/iframe&gt; [vc_row][vc_column][\/vc_column][\/vc_row][vc_row][vc_column][vc_video link=&#8221;https:\/\/www.youtube.com\/watch?v=vCv83S7Z_yQ&#8221; title=&#8221;Stiven Gade (Berlin BASE) f\u00fcr Dr. Holm Edelmann und die Special Doctors&#8221;] Stiven Gade von Berlin BASE springt in diesem Video f\u00fcr die Special Doctors, Holm Edelmann und die Foot- &amp; Sportsclinic von einer der f\u00fcnf F\u00f6rderbr\u00fccken im Lausitzer Braunkohletagebau. [vc_video link=&#8221;https:\/\/www.youtube.com\/watch?v=Qf5TdGZi1Do&#8221; title=&#8221;Foot- &amp; Sportsclinic&hellip; <a class=\"continue\" href=\"https:\/\/www.special-doctors.de\/en\/videos\/\">weiterlesen<span> Videos<\/span><\/a><\/p>\n","protected":false},"author":1,"featured_media":0,"parent":0,"menu_order":0,"comment_status":"closed","ping_status":"closed","template":"","meta":{"_acf_changed":false,"footnotes":""},"class_list":["post-2600","page","type-page","status-publish","hentry"],"translation":{"provider":"WPGlobus","version":"3.0.0","language":"en","enabled_languages":["de","en"],"languages":{"de":{"title":true,"content":true,"excerpt":false},"en":{"title":false,"content":false,"excerpt":false}}},"acf":[],"_links":{"self":[{"href":"https:\/\/www.special-doctors.de\/en\/wp-json\/wp\/v2\/pages\/2600","targetHints":{"allow":["GET"]}}],"collection":[{"href":"https:\/\/www.special-doctors.de\/en\/wp-json\/wp\/v2\/pages"}],"about":[{"href":"https:\/\/www.special-doctors.de\/en\/wp-json\/wp\/v2\/types\/page"}],"author":[{"embeddable":true,"href":"https:\/\/www.special-doctors.de\/en\/wp-json\/wp\/v2\/users\/1"}],"replies":[{"embeddable":true,"href":"https:\/\/www.special-doctors.de\/en\/wp-json\/wp\/v2\/comments?post=2600"}],"version-history":[{"count":9,"href":"https:\/\/www.special-doctors.de\/en\/wp-json\/wp\/v2\/pages\/2600\/revisions"}],"predecessor-version":[{"id":2720,"href":"https:\/\/www.special-doctors.de\/en\/wp-json\/wp\/v2\/pages\/2600\/revisions\/2720"}],"wp:attachment":[{"href":"https:\/\/www.special-doctors.de\/en\/wp-json\/wp\/v2\/media?parent=2600"}],"curies":[{"name":"wp","href":"https:\/\/api.w.org\/{rel}","templated":true}]}}