{"id":2172,"date":"2017-09-07T09:53:28","date_gmt":"2017-09-07T09:53:28","guid":{"rendered":"http:\/\/sd.special-doctors.de\/?page_id=2172"},"modified":"2024-01-09T19:29:09","modified_gmt":"2024-01-09T19:29:09","slug":"philosophie","status":"publish","type":"page","link":"https:\/\/www.special-doctors.de\/en\/philosophie\/","title":{"rendered":"Philosophy"},"content":{"rendered":"<p>[vc_row][vc_column][vc_column_text]<img loading=\"lazy\" decoding=\"async\" class=\"aligncenter wp-image-2177 size-full\" src=\"http:\/\/sd.special-doctors.de\/content\/uploads\/2017\/09\/philosophie.jpg\" alt=\"Special Doctors | Philosophie\" width=\"1000\" height=\"427\" srcset=\"https:\/\/www.special-doctors.de\/content\/uploads\/2017\/09\/philosophie.jpg 1000w, https:\/\/www.special-doctors.de\/content\/uploads\/2017\/09\/philosophie-300x128.jpg 300w, https:\/\/www.special-doctors.de\/content\/uploads\/2017\/09\/philosophie-768x328.jpg 768w\" sizes=\"auto, (max-width: 1000px) 100vw, 1000px\" \/><\/p>\n<h2>Unsere Philosophie: bei uns stehen Sie im Mittelpunkt<\/h2>\n<p>Ihre Gesundheit liegt uns am Herzen.<\/p>\n<p>Wir empfangen Sie in\u00a0unseren exklusiven Praxisr\u00e4umen in sch\u00f6ner <a href=\"http:\/\/www.special-doctors.de\/kontakt\/\">Berliner City-Lage<\/a> und nehmen uns Zeit f\u00fcr Sie und Ihre ganz individuelle gesundheitliche Situation. Unsere <a href=\"http:\/\/www.special-doctors.de\/aerzte\/\">Belegh\u00e4rzte <\/a>sind renommierte Experten auf ihren <a href=\"http:\/\/www.special-doctors.de\/departments\/\">Fachgebieten <\/a>und erweitern stetig ihr Fachwissen, um das beste Ergebnis f\u00fcr Sie zu erzielen.<\/p>\n<p>Ihr Experte spricht mit Ihnen ausf\u00fchrlich \u00fcber die Beschwerden, nimmt sich Zeit f\u00fcr eine ganzheitliche Untersuchung mithilfe moderner Diagnostikmethoden und stimmt anschlie\u00dfend das passende Therapiekonzept mit Ihnen ab. Dabei k\u00f6nnen wir auf unser weitreichendes Netzwerk zur\u00fcckgreifen, um Ihnen den optimalen Therapieerfolg zu erm\u00f6glichen.<\/p>\n<p>Ihr Arzt betreut Sie \u00fcber die gesamte Behandlung hinweg und operiert Sie bei Bedarf auch pers\u00f6nlich.<\/p>\n<p>Uns ist es ein Anliegen, dass Sie sich bei uns sofort rundum wohl und empfangen f\u00fchlen.[\/vc_column_text][\/vc_column][\/vc_row]<\/p>\n","protected":false},"excerpt":{"rendered":"<p>[vc_row][vc_column][vc_column_text] Unsere Philosophie: bei uns stehen Sie im Mittelpunkt Ihre Gesundheit liegt uns am Herzen. Wir empfangen Sie in\u00a0unseren exklusiven Praxisr\u00e4umen in sch\u00f6ner Berliner City-Lage und nehmen uns Zeit f\u00fcr Sie und Ihre ganz individuelle gesundheitliche Situation. Unsere Belegh\u00e4rzte sind renommierte Experten auf ihren Fachgebieten und erweitern stetig ihr Fachwissen, um das beste Ergebnis f\u00fcr&hellip; <a class=\"continue\" href=\"https:\/\/www.special-doctors.de\/en\/philosophie\/\">weiterlesen<span> Philosophy<\/span><\/a><\/p>\n","protected":false},"author":1,"featured_media":0,"parent":0,"menu_order":0,"comment_status":"closed","ping_status":"closed","template":"","meta":{"_acf_changed":false,"footnotes":""},"class_list":["post-2172","page","type-page","status-publish","hentry"],"translation":{"provider":"WPGlobus","version":"3.0.0","language":"en","enabled_languages":["de","en"],"languages":{"de":{"title":true,"content":true,"excerpt":false},"en":{"title":true,"content":false,"excerpt":false}}},"acf":[],"_links":{"self":[{"href":"https:\/\/www.special-doctors.de\/en\/wp-json\/wp\/v2\/pages\/2172","targetHints":{"allow":["GET"]}}],"collection":[{"href":"https:\/\/www.special-doctors.de\/en\/wp-json\/wp\/v2\/pages"}],"about":[{"href":"https:\/\/www.special-doctors.de\/en\/wp-json\/wp\/v2\/types\/page"}],"author":[{"embeddable":true,"href":"https:\/\/www.special-doctors.de\/en\/wp-json\/wp\/v2\/users\/1"}],"replies":[{"embeddable":true,"href":"https:\/\/www.special-doctors.de\/en\/wp-json\/wp\/v2\/comments?post=2172"}],"version-history":[{"count":15,"href":"https:\/\/www.special-doctors.de\/en\/wp-json\/wp\/v2\/pages\/2172\/revisions"}],"predecessor-version":[{"id":4738,"href":"https:\/\/www.special-doctors.de\/en\/wp-json\/wp\/v2\/pages\/2172\/revisions\/4738"}],"wp:attachment":[{"href":"https:\/\/www.special-doctors.de\/en\/wp-json\/wp\/v2\/media?parent=2172"}],"curies":[{"name":"wp","href":"https:\/\/api.w.org\/{rel}","templated":true}]}}